{"id":557,"date":"2021-07-19T16:14:09","date_gmt":"2021-07-19T15:14:09","guid":{"rendered":"https:\/\/mbanugostores.com\/?post_type=product&#038;p=557"},"modified":"2025-04-01T14:08:54","modified_gmt":"2025-04-01T13:08:54","slug":"monopoly","status":"publish","type":"product","link":"https:\/\/mbanugostores.com\/index.php\/product\/monopoly\/","title":{"rendered":"Monopoly"},"content":{"rendered":"<div class=\"detailmodule_html\">\n<div class=\"detail-desc-decorate-richtext\">\n<h3><strong>Monopoly New<\/strong><\/h3>\n<h3>World famous box game is Hasbro Monopoly, friends or sevdiklerinizde fun your time. In terms of being based on trade and money y\u00f6netmeye strategy games in. Children and adults can play together or among themselves as a game, a wide age to cater ediyor. The game even though, all real estate tycoon or also Queen olma the chance.<\/h3>\n<h3><strong>Fun and Tutorial<\/strong><\/h3>\n<h3>. At least 2 people with oynanabilen Hasbro Monopoly box game, fun and is helping to gain a good time of persons with the feature of tutorial.<\/h3>\n<h3>. People in real life nerelere investment they either also yapmamalar\u0131 should be applied as is teaching.<\/h3>\n<h3>. To plot, home or hotel set up players that the strategic decisions.<\/h3>\n<h3>. Due to take place in any environment can be easily transported.<\/h3>\n<h3><strong>Multi-Grade Materials Box Contents<\/strong><\/h3>\n<h3>Game Area: 1<\/h3>\n<h3>Card Number: 60<\/h3>\n<h3>Pawn Number: 8<\/h3>\n<h3>Hotel: 12<\/h3>\n<h3>Home: 32<\/h3>\n<h3>Dice: 2 PCs<\/h3>\n<h3>1 package Monopoly money<\/h3>\n<h3><strong>Full Of fun Pleasant Hours<\/strong><\/h3>\n<h3>Kazananlar\u0131n also lost at fun-filled watches spent in the game, time limitation currently. So the players they want during game oynayabiliyor. Depending on the number of people playing and the game gidi\u015fat\u0131na game time change show.<\/h3>\n<h3><strong>Renewed In The Box cat pawn<\/strong><\/h3>\n<h3>Renewed box whole world votes with selected cat pawn. In total 8 PCs different pawn found the option in the game, players in various pawns choosing fark\u0131n\u0131 certain is able to. Starting Point with membranes with must ba\u015flanarak dreams, great for ornamenting fortune set out to achieve exiting.<\/h3>\n<h3><\/h3>\n<div><\/div>\n<\/div>\n<\/div>\n","protected":false},"excerpt":{"rendered":"<p>Monopoly New World famous box game is Hasbro Monopoly, friends or sevdiklerinizde fun your time. In terms of being based on trade and money y\u00f6netmeye strategy games in. Children and<\/p>\n","protected":false},"featured_media":558,"comment_status":"open","ping_status":"closed","template":"","meta":{"om_disable_all_campaigns":false,"_monsterinsights_skip_tracking":false,"_monsterinsights_sitenote_active":false,"_monsterinsights_sitenote_note":"","_monsterinsights_sitenote_category":0},"product_brand":[],"product_cat":[118],"product_tag":[],"class_list":{"0":"post-557","1":"product","2":"type-product","3":"status-publish","6":"product_cat-board-games","7":"product_shipping_class-medium-light-weight","9":"first","10":"instock","11":"sale","12":"shipping-taxable","13":"purchasable","14":"product-type-simple"},"_links":{"self":[{"href":"https:\/\/mbanugostores.com\/index.php\/wp-json\/wp\/v2\/product\/557","targetHints":{"allow":["GET"]}}],"collection":[{"href":"https:\/\/mbanugostores.com\/index.php\/wp-json\/wp\/v2\/product"}],"about":[{"href":"https:\/\/mbanugostores.com\/index.php\/wp-json\/wp\/v2\/types\/product"}],"replies":[{"embeddable":true,"href":"https:\/\/mbanugostores.com\/index.php\/wp-json\/wp\/v2\/comments?post=557"}],"wp:featuredmedia":[{"embeddable":true,"href":"https:\/\/mbanugostores.com\/index.php\/wp-json\/wp\/v2\/media\/558"}],"wp:attachment":[{"href":"https:\/\/mbanugostores.com\/index.php\/wp-json\/wp\/v2\/media?parent=557"}],"wp:term":[{"taxonomy":"product_brand","embeddable":true,"href":"https:\/\/mbanugostores.com\/index.php\/wp-json\/wp\/v2\/product_brand?post=557"},{"taxonomy":"product_cat","embeddable":true,"href":"https:\/\/mbanugostores.com\/index.php\/wp-json\/wp\/v2\/product_cat?post=557"},{"taxonomy":"product_tag","embeddable":true,"href":"https:\/\/mbanugostores.com\/index.php\/wp-json\/wp\/v2\/product_tag?post=557"}],"curies":[{"name":"wp","href":"https:\/\/api.w.org\/{rel}","templated":true}]}}